{"id":2,"date":"2012-02-19T09:15:40","date_gmt":"2012-02-19T08:15:40","guid":{"rendered":"https:\/\/psycholog.ui24.pl\/?page_id=2"},"modified":"2024-06-07T23:29:01","modified_gmt":"2024-06-07T22:29:01","slug":"o-mnie","status":"publish","type":"page","link":"https:\/\/poradnictwopsychologiczne.eu\/?page_id=2","title":{"rendered":"O mnie"},"content":{"rendered":"<p>[et_pb_section fb_built=&#8221;1&#8243; inner_shadow=&#8221;on&#8221; admin_label=&#8221;Services&#8221; _builder_version=&#8221;4.24.2&#8243; background_color=&#8221;#FFFFFF&#8221; background_enable_image=&#8221;off&#8221; background_size=&#8221;stretch&#8221; min_height=&#8221;561px&#8221; custom_margin=&#8221;||1px|||&#8221; custom_padding=&#8221;|0px|7px|||&#8221; box_shadow_style=&#8221;preset3&#8243; global_colors_info=&#8221;{}&#8221;][et_pb_row _builder_version=&#8221;4.24.2&#8243; _module_preset=&#8221;default&#8221; global_colors_info=&#8221;{}&#8221;][et_pb_column type=&#8221;4_4&#8243; _builder_version=&#8221;4.24.2&#8243; _module_preset=&#8221;default&#8221; global_colors_info=&#8221;{}&#8221;][et_pb_blurb title=&#8221;O mnie&#8221; image=&#8221;https:\/\/poradnictwopsychologiczne.eu\/wp-content\/uploads\/2024\/02\/8.png&#8221; image_icon_width=&#8221;200%&#8221; content_max_width=&#8221;1100px&#8221; _builder_version=&#8221;4.24.2&#8243; _module_preset=&#8221;default&#8221; header_font=&#8221;Adamina||||||||&#8221; header_text_align=&#8221;center&#8221; header_font_size=&#8221;28px&#8221; header_letter_spacing=&#8221;2px&#8221; body_font=&#8221;Adamina||||||||&#8221; body_font_size=&#8221;18px&#8221; body_line_height=&#8221;2em&#8221; text_orientation=&#8221;justified&#8221; header_text_shadow_style=&#8221;preset3&#8243; border_radii_image=&#8221;on|402px|402px|402px|402px&#8221; border_color_all_image=&#8221;#e5bb00&#8243; box_shadow_style_image=&#8221;preset5&#8243; global_colors_info=&#8221;{}&#8221;]<\/p>\n<p><span>Pracuj\u0119 w nurcie integracyjnym, \u0142\u0105cz\u0105c dorobek r\u00f3\u017cnych podej\u015b\u0107 terapeutycznych tak, aby dopasowywa\u0107 si\u0119 do potrzeb i mo\u017cliwo\u015bci klient\u00f3w, z kt\u00f3rymi pracuj\u0119.<\/span><o:p><\/o:p><\/p>\n<p><span>Korzystam z wiedzy i do\u015bwiadcze\u0144 z zakresu terapii systemowej, terapii skoncentrowanej na rozwi\u0105zaniach, terapii pozytywnej oraz technikach pracy z pod\u015bwiadomo\u015bci\u0105.<\/span><o:p><\/o:p><\/p>\n<p><span>Doceniam indywidualno\u015b\u0107 oraz bior\u0119 pod uwag\u0119 potrzeby i mo\u017cliwo\u015bci klient\u00f3w, koncentruj\u0105c si\u0119 na mocnych stronach i konkretnych sprawdzonych w praktyce oddzia\u0142ywaniach budz\u0105cych si\u0142\u0119 i moc do po\u017c\u0105danej zmiany. Aby z sukcesem m\u00f3c wdro\u017cy\u0107 zmian\u0119 w nawykowych schematach reakcji na sytuacje trudne pracuj\u0119 na poziomach \u015bwiadomych (rozumieniu trudno\u015bci i ich analizie) ale tak\u017ce, a wr\u0119cz przede wszystkim na poziomach pod\u015bwiadomych, odpowiednimi technikami i metodami opartymi o prac\u0119 z pod\u015bwiadomo\u015bci\u0105, kt\u00f3re daj\u0105 wi\u0119ksze gwarancje po\u017c\u0105danych zmian i d\u0142ugo utrzymuj\u0105cych si\u0119 efekt\u00f3w.<\/span><o:p><\/o:p><\/p>\n<p><span>Dbam przy tym o dyskrecj\u0119 i komfortow\u0105 atmosfer\u0119. Pracuj\u0119 zgodnie z Kodeksem Etycznym Psychologa. W trosce, o jako\u015b\u0107 mojej pracy poszerzam swoj\u0105 wiedz\u0119, na kursach, szkoleniach, superwizjach.<\/span><o:p><\/o:p><\/p>\n<p><span>W mojej pracy, jako psycholog kieruj\u0119 si\u0119 podej\u015bciem holistycznym, kt\u00f3re koncentruje uwag\u0119 na przywr\u00f3ceniu harmonii w wielu obszarach \u017cycia cz\u0142owieka \u2013 zar\u00f3wno jego psychiki, cia\u0142a, jak i ducha. W procesie wsparcia psychologicznego zauwa\u017camy stan psychiczny (np. emocje, wp\u0142yw \u015brodowiska, traumy, trudne do\u015bwiadczenia) fizyczny (np. sposoby \u017cywienia, styl \u017cycia) oraz duchowy (np. poziomy samo\u015bwiadomo\u015bci, przemiany wewn\u0119trzne, cel \u017cyciowy), zdaj\u0105c sobie spraw\u0119 z faktu, \u017ce stan psychiczny ma olbrzymi wp\u0142yw na stan fizyczny cz\u0142owieka \u2013 i odwrotnie.<\/span><o:p><\/o:p><\/p>\n<p><span>Wyspecjalizowa\u0142am si\u0119 w metodach psychologicznych dostosowanych do pracy:<\/span><o:p><\/o:p><\/p>\n<p><span>\u2013 z dzie\u0107mi w wieku przedszkolnym, w tym z dzie\u0107mi ze specjalnymi potrzebami rozwojowymi,<\/span><o:p><\/o:p><\/p>\n<p><span>\u2013 z uczniami w wieku wczesnoszkolnym,<\/span><\/p>\n<p><span>\u2013\u00a0 z m\u0142odzie\u017c\u0105 w wieku szkolnym i licealnym,<\/span><o:p><\/o:p><\/p>\n<p><span>\u2013 z rodzicami podczas konsultacji wychowawczych.<\/span><o:p><\/o:p><\/p>\n<p><span>Obecnie wzbogacam swoje poradnictwo psychologiczne metodami opartymi na pracy z pod\u015bwiadomo\u015bci\u0105 i pracuj\u0119 tymi technikami z m\u0142odzie\u017c\u0105 oraz doros\u0142ymi.<\/span><o:p><\/o:p><\/p>\n<p><span>Prowadz\u0119 konsultacje wychowawcze dla rodzic\u00f3w dzieci i m\u0142odzie\u017cy \u2013 obecnie online.<\/span><\/p>\n<p>[\/et_pb_blurb][\/et_pb_column][\/et_pb_row][\/et_pb_section]<\/p>\n","protected":false},"excerpt":{"rendered":"<p>Pracuj\u0119 w nurcie integracyjnym, \u0142\u0105cz\u0105c dorobek r\u00f3\u017cnych podej\u015b\u0107 terapeutycznych tak, aby dopasowywa\u0107 si\u0119 do potrzeb i mo\u017cliwo\u015bci klient\u00f3w, z kt\u00f3rymi pracuj\u0119. Korzystam z wiedzy i do\u015bwiadcze\u0144 z zakresu terapii systemowej, terapii skoncentrowanej na rozwi\u0105zaniach, terapii pozytywnej oraz technikach pracy z pod\u015bwiadomo\u015bci\u0105. Doceniam indywidualno\u015b\u0107 oraz bior\u0119 pod uwag\u0119 potrzeby i mo\u017cliwo\u015bci klient\u00f3w, koncentruj\u0105c si\u0119 na mocnych [&hellip;]<\/p>\n","protected":false},"author":1,"featured_media":0,"parent":0,"menu_order":1,"comment_status":"closed","ping_status":"closed","template":"","meta":{"_et_pb_use_builder":"on","_et_pb_old_content":"<p style=\"text-align: center;\"><strong>Strona w przygotowaniu...<\/strong><\/p>","_et_gb_content_width":"","ngg_post_thumbnail":0,"footnotes":""},"class_list":["post-2","page","type-page","status-publish","hentry"],"_links":{"self":[{"href":"https:\/\/poradnictwopsychologiczne.eu\/index.php?rest_route=\/wp\/v2\/pages\/2","targetHints":{"allow":["GET"]}}],"collection":[{"href":"https:\/\/poradnictwopsychologiczne.eu\/index.php?rest_route=\/wp\/v2\/pages"}],"about":[{"href":"https:\/\/poradnictwopsychologiczne.eu\/index.php?rest_route=\/wp\/v2\/types\/page"}],"author":[{"embeddable":true,"href":"https:\/\/poradnictwopsychologiczne.eu\/index.php?rest_route=\/wp\/v2\/users\/1"}],"replies":[{"embeddable":true,"href":"https:\/\/poradnictwopsychologiczne.eu\/index.php?rest_route=%2Fwp%2Fv2%2Fcomments&post=2"}],"version-history":[{"count":19,"href":"https:\/\/poradnictwopsychologiczne.eu\/index.php?rest_route=\/wp\/v2\/pages\/2\/revisions"}],"predecessor-version":[{"id":233426,"href":"https:\/\/poradnictwopsychologiczne.eu\/index.php?rest_route=\/wp\/v2\/pages\/2\/revisions\/233426"}],"wp:attachment":[{"href":"https:\/\/poradnictwopsychologiczne.eu\/index.php?rest_route=%2Fwp%2Fv2%2Fmedia&parent=2"}],"curies":[{"name":"wp","href":"https:\/\/api.w.org\/{rel}","templated":true}]}}